{"id":1508,"date":"2021-09-02T09:38:04","date_gmt":"2021-09-02T09:38:04","guid":{"rendered":"https:\/\/www.pizzaleggera.it\/chi-siamo-2\/"},"modified":"2024-04-16T13:17:22","modified_gmt":"2024-04-16T13:17:22","slug":"chi-siamo-2","status":"publish","type":"page","link":"https:\/\/www.pizzaleggera.it\/fr\/chi-siamo-2\/","title":{"rendered":"Qui sommes-nous ?"},"content":{"rendered":"<p>[vc_row css_animation=\u00a0\u00bb\u00a0\u00bb row_type=\u00a0\u00bbrow\u00a0\u00bb use_row_as_full_screen_section=\u00a0\u00bbno\u00a0\u00bb type=\u00a0\u00bbfull_width\u00a0\u00bb angled_section=\u00a0\u00bbno\u00a0\u00bb text_align=\u00a0\u00bbleft\u00a0\u00bb background_image_as_pattern=\u00a0\u00bbwithout_pattern\u00a0\u00bb z_index=\u00a0\u00bb\u00a0\u00bb el_class=\u00a0\u00bbgalleria-animata\u00a0\u00bb][vc_column][vc_column_text]\t<style>\n\t.progress-button button {\n\t\tborder: 2px solid #1ECD97;\n\t\tcolor: #1ECD97\t}\n\t.progress-button button:hover {\n\t\tbackground-color: #1ECD97\t}\n\t.ri-grid ul li {\n\t\tmargin: 0px !important;\n\t}\n\t\n\t\t\n\t<\/style>\n\t\t<section class=\"main\">\n\t\t<div id=\"ri-grid-840\" class=\"ri-grid ri-grid-size-2\">\n\t\t\t<div id=\"alw-loader\" style=\"display:none; text-align:center; width:100%;\">\n\t\t\t\t<!-- begin folding modal -->\n\t\t\t\t<div class=\"alw-pre-loader folding\">\n\t\t\t\t\t<div class=\"sk-cube1 sk-cube\"><\/div>\n\t\t\t\t\t<div class=\"sk-cube2 sk-cube\"><\/div>\n\t\t\t\t\t<div class=\"sk-cube4 sk-cube\"><\/div>\n\t\t\t\t\t<div class=\"sk-cube3 sk-cube\"><\/div>\n\t\t\t\t<\/div>\n\t\t\t<\/div>\n\t\t\t<ul class=\"\">\n\t\t\t\t\t\t\t\t<li class=\"brick\">\n\t\t\t\t\t\t\t\t\t\t\t\t<a href=\"https:\/\/www.pizzaleggera.it\/wp-content\/uploads\/2021\/11\/Cristian-DeRosa.jpg\" class=\"pw-lightbox \" rel=\"next img-wrapper\"  style=\"pointer-events:none\"  target=\"_new\">\n\t\t\t\t\t\t\t<img decoding=\"async\" src=\"https:\/\/www.pizzaleggera.it\/wp-content\/uploads\/2021\/11\/Cristian-DeRosa-300x300.jpg\" width=\"100%\" alt=\"Cristian-DeRosa\"\/>\n\t\t\t\t\t\t\t<i class=\"alw-icon \"><\/i>\n\t\t\t\t\t\t<\/a>\n\t\t\t\t\t<\/li>\n\t\t\t\t\t\t\t\t\t\t<li class=\"brick\">\n\t\t\t\t\t\t\t\t\t\t\t\t<a href=\"https:\/\/www.pizzaleggera.it\/wp-content\/uploads\/2021\/10\/Di-lella.jpg\" class=\"pw-lightbox \" rel=\"next img-wrapper\"  style=\"pointer-events:none\"  target=\"_new\">\n\t\t\t\t\t\t\t<img decoding=\"async\" src=\"https:\/\/www.pizzaleggera.it\/wp-content\/uploads\/2021\/10\/Di-lella-300x300.jpg\" width=\"100%\" alt=\"Di lella\"\/>\n\t\t\t\t\t\t\t<i class=\"alw-icon \"><\/i>\n\t\t\t\t\t\t<\/a>\n\t\t\t\t\t<\/li>\n\t\t\t\t\t\t\t\t\t\t<li class=\"brick\">\n\t\t\t\t\t\t\t\t\t\t\t\t<a href=\"https:\/\/www.pizzaleggera.it\/wp-content\/uploads\/2021\/10\/ChiaAma-Cucina.jpg\" class=\"pw-lightbox \" rel=\"next img-wrapper\"  style=\"pointer-events:none\"  target=\"_new\">\n\t\t\t\t\t\t\t<img decoding=\"async\" src=\"https:\/\/www.pizzaleggera.it\/wp-content\/uploads\/2021\/10\/ChiaAma-Cucina-300x300.jpg\" width=\"100%\" alt=\"ChiaAma Cucina\"\/>\n\t\t\t\t\t\t\t<i class=\"alw-icon \"><\/i>\n\t\t\t\t\t\t<\/a>\n\t\t\t\t\t<\/li>\n\t\t\t\t\t\t\t\t\t\t<li class=\"brick\">\n\t\t\t\t\t\t\t\t\t\t\t\t<a href=\"https:\/\/www.pizzaleggera.it\/wp-content\/uploads\/2021\/10\/Paolino-e-Simona.jpg\" class=\"pw-lightbox \" rel=\"next img-wrapper\"  style=\"pointer-events:none\"  target=\"_new\">\n\t\t\t\t\t\t\t<img decoding=\"async\" src=\"https:\/\/www.pizzaleggera.it\/wp-content\/uploads\/2021\/10\/Paolino-e-Simona-300x300.jpg\" width=\"100%\" alt=\"Paolino e Simona\"\/>\n\t\t\t\t\t\t\t<i class=\"alw-icon \"><\/i>\n\t\t\t\t\t\t<\/a>\n\t\t\t\t\t<\/li>\n\t\t\t\t\t\t\t\t\t\t<li class=\"brick\">\n\t\t\t\t\t\t\t\t\t\t\t\t<a href=\"https:\/\/www.pizzaleggera.it\/wp-content\/uploads\/2021\/10\/Nicola-Tamion.jpg\" class=\"pw-lightbox \" rel=\"next img-wrapper\"  style=\"pointer-events:none\"  target=\"_new\">\n\t\t\t\t\t\t\t<img decoding=\"async\" src=\"https:\/\/www.pizzaleggera.it\/wp-content\/uploads\/2021\/10\/Nicola-Tamion-300x300.jpg\" width=\"100%\" alt=\"Nicola Tamion\"\/>\n\t\t\t\t\t\t\t<i class=\"alw-icon \"><\/i>\n\t\t\t\t\t\t<\/a>\n\t\t\t\t\t<\/li>\n\t\t\t\t\t\t\t\t\t\t<li class=\"brick\">\n\t\t\t\t\t\t\t\t\t\t\t\t<a href=\"https:\/\/www.pizzaleggera.it\/wp-content\/uploads\/2021\/10\/Sagra.jpg\" class=\"pw-lightbox \" rel=\"next img-wrapper\"  style=\"pointer-events:none\"  target=\"_new\">\n\t\t\t\t\t\t\t<img decoding=\"async\" src=\"https:\/\/www.pizzaleggera.it\/wp-content\/uploads\/2021\/10\/Sagra-300x300.jpg\" width=\"100%\" alt=\"Sagra\"\/>\n\t\t\t\t\t\t\t<i class=\"alw-icon \"><\/i>\n\t\t\t\t\t\t<\/a>\n\t\t\t\t\t<\/li>\n\t\t\t\t\t\t\t\t\t\t<li class=\"brick\">\n\t\t\t\t\t\t\t\t\t\t\t\t<a href=\"https:\/\/www.pizzaleggera.it\/wp-content\/uploads\/2021\/10\/festa.jpg\" class=\"pw-lightbox \" rel=\"next img-wrapper\"  style=\"pointer-events:none\"  target=\"_new\">\n\t\t\t\t\t\t\t<img decoding=\"async\" src=\"https:\/\/www.pizzaleggera.it\/wp-content\/uploads\/2021\/10\/festa-300x300.jpg\" width=\"100%\" alt=\"festa\"\/>\n\t\t\t\t\t\t\t<i class=\"alw-icon \"><\/i>\n\t\t\t\t\t\t<\/a>\n\t\t\t\t\t<\/li>\n\t\t\t\t\t\t\t\t\t\t<li class=\"brick\">\n\t\t\t\t\t\t\t\t\t\t\t\t<a href=\"https:\/\/www.pizzaleggera.it\/wp-content\/uploads\/2021\/10\/Simona-Lauri.jpg\" class=\"pw-lightbox \" rel=\"next img-wrapper\"  style=\"pointer-events:none\"  target=\"_new\">\n\t\t\t\t\t\t\t<img decoding=\"async\" src=\"https:\/\/www.pizzaleggera.it\/wp-content\/uploads\/2021\/10\/Simona-Lauri-300x300.jpg\" width=\"100%\" alt=\"Simona Lauri\"\/>\n\t\t\t\t\t\t\t<i class=\"alw-icon \"><\/i>\n\t\t\t\t\t\t<\/a>\n\t\t\t\t\t<\/li>\n\t\t\t\t\t\t\t\t\t\t<li class=\"brick\">\n\t\t\t\t\t\t\t\t\t\t\t\t<a href=\"https:\/\/www.pizzaleggera.it\/wp-content\/uploads\/2021\/10\/Gianni-Di-Lella.jpg\" class=\"pw-lightbox \" rel=\"next img-wrapper\"  style=\"pointer-events:none\"  target=\"_new\">\n\t\t\t\t\t\t\t<img decoding=\"async\" src=\"https:\/\/www.pizzaleggera.it\/wp-content\/uploads\/2021\/10\/Gianni-Di-Lella-300x300.jpg\" width=\"100%\" alt=\"Gianni-Di-Lella\"\/>\n\t\t\t\t\t\t\t<i class=\"alw-icon \"><\/i>\n\t\t\t\t\t\t<\/a>\n\t\t\t\t\t<\/li>\n\t\t\t\t\t\t\t\t\t\t<li class=\"brick\">\n\t\t\t\t\t\t\t\t\t\t\t\t<a href=\"https:\/\/www.pizzaleggera.it\/wp-content\/uploads\/2021\/11\/Rino-Goretti.jpg\" class=\"pw-lightbox \" rel=\"next img-wrapper\"  style=\"pointer-events:none\"  target=\"_new\">\n\t\t\t\t\t\t\t<img decoding=\"async\" src=\"https:\/\/www.pizzaleggera.it\/wp-content\/uploads\/2021\/11\/Rino-Goretti-300x300.jpg\" width=\"100%\" alt=\"Rino-Goretti\"\/>\n\t\t\t\t\t\t\t<i class=\"alw-icon \"><\/i>\n\t\t\t\t\t\t<\/a>\n\t\t\t\t\t<\/li>\n\t\t\t\t\t\t\t\t\t\t<li class=\"brick\">\n\t\t\t\t\t\t\t\t\t\t\t\t<a href=\"https:\/\/www.pizzaleggera.it\/wp-content\/uploads\/2021\/10\/Gianluigi-Alla.jpg\" class=\"pw-lightbox \" rel=\"next img-wrapper\"  style=\"pointer-events:none\"  target=\"_new\">\n\t\t\t\t\t\t\t<img decoding=\"async\" src=\"https:\/\/www.pizzaleggera.it\/wp-content\/uploads\/2021\/10\/Gianluigi-Alla-300x300.jpg\" width=\"100%\" alt=\"Gianluigi Alla\"\/>\n\t\t\t\t\t\t\t<i class=\"alw-icon \"><\/i>\n\t\t\t\t\t\t<\/a>\n\t\t\t\t\t<\/li>\n\t\t\t\t\t\t\t\t\t\t<li class=\"brick\">\n\t\t\t\t\t\t\t\t\t\t\t\t<a href=\"https:\/\/www.pizzaleggera.it\/wp-content\/uploads\/2021\/11\/Perrone-Federico.jpg\" class=\"pw-lightbox \" rel=\"next img-wrapper\"  style=\"pointer-events:none\"  target=\"_new\">\n\t\t\t\t\t\t\t<img decoding=\"async\" src=\"https:\/\/www.pizzaleggera.it\/wp-content\/uploads\/2021\/11\/Perrone-Federico-300x300.jpg\" width=\"100%\" alt=\"Perrone Federico\"\/>\n\t\t\t\t\t\t\t<i class=\"alw-icon \"><\/i>\n\t\t\t\t\t\t<\/a>\n\t\t\t\t\t<\/li>\n\t\t\t\t\t\t\t\t\t\t<li class=\"brick\">\n\t\t\t\t\t\t\t\t\t\t\t\t<a href=\"https:\/\/www.pizzaleggera.it\/wp-content\/uploads\/2021\/10\/Paolino-Bucca.jpg\" class=\"pw-lightbox \" rel=\"next img-wrapper\"  style=\"pointer-events:none\"  target=\"_new\">\n\t\t\t\t\t\t\t<img decoding=\"async\" src=\"https:\/\/www.pizzaleggera.it\/wp-content\/uploads\/2021\/10\/Paolino-Bucca-300x300.jpg\" width=\"100%\" alt=\"Paolino Bucca\"\/>\n\t\t\t\t\t\t\t<i class=\"alw-icon \"><\/i>\n\t\t\t\t\t\t<\/a>\n\t\t\t\t\t<\/li>\n\t\t\t\t\t\t\t\t<\/ul>\n\t\t<\/div>\n\t<\/section>\n\t<script type=\"text\/javascript\">\t\njQuery( document ).ready(function() {\n\t\n\tjQuery( '#ri-grid-840' ).gridrotator( {\n\t\trows : 2,\n\t\t\/\/ number of columns \n\t\tcolumns : 5,\n\t\tw1024 : { rows : 2, columns : 5 },\n\t\tw768 : {rows : 2, columns : 5 },\n\t\tw480 : {rows : 3,columns : 1 },\n\t\tw320 : {rows : 3,columns : 1 },\n\t\tw240 : {rows : 3,columns : 1 },\n\t\t\/\/ step: number of items that are replaced at the same time\n\t\t\/\/ random || [some number]\n\t\t\/\/ note: for performance issues, the number \"can't\" be > options.maxStep\n\t\t\t\tstep : 'random',\n\t\t\t\t\/\/ change it as you wish..\n\t\tmaxStep : 3,\n\t\t\/\/ prevent user to click the items\n\t\tpreventClick : false,\n\t\t\/\/ animation type\n\t\tanimType : 'fadeInOut',\n\t\t\/\/ animation speed\n\t\tanimSpeed : 1700, \/\/ 100 to 3000\n\t\t\/\/ animation easings\n\t\tanimEasingOut : 'linear',\n\t\tanimEasingIn: 'linear',\n\t\t\/\/ the item(s) will be replaced every 3 seconds\n\t\t\/\/ note: for performance issues, the time \"can't\" be < 300 ms\n\t\tinterval : 700, \/\/100 to 3000\n\t\t\/\/ if false the animations will not start\n\t\t\/\/ use false if onhover is true for example\n\t\tslideshow : true,\n\t\t\/\/ if true the items will switch when hovered\n\t\tonhover : false,\n\t\t\/\/ ids of elements that shouldn't change\n\t\tnochange : [] \/\/ \n\t} );\n\t});\n<\/script>\n[\/vc_column_text][vc_row_inner row_type=\u00a0\u00bbrow\u00a0\u00bb type=\u00a0\u00bbfull_width\u00a0\u00bb text_align=\u00a0\u00bbcenter\u00a0\u00bb css_animation=\u00a0\u00bb\u00a0\u00bb el_class=\u00a0\u00bbtitolo-chi-siamo\u00a0\u00bb][vc_column_inner][vc_column_text]<\/p>\n<h2><span style=\"color: #ffffff;\">Qui sommes-nous ?<\/span><\/h2>\n<p>[\/vc_column_text][vc_column_text]<\/p>\n<h5><span style=\"color: #ffffff;\">Nous c\u2019est vous <\/span><\/h5>\n<p>[\/vc_column_text][\/vc_column_inner][\/vc_row_inner][\/vc_column][\/vc_row][vc_row css_animation=\u00a0\u00bb\u00a0\u00bb row_type=\u00a0\u00bbrow\u00a0\u00bb use_row_as_full_screen_section=\u00a0\u00bbno\u00a0\u00bb type=\u00a0\u00bbgrid\u00a0\u00bb angled_section=\u00a0\u00bbno\u00a0\u00bb text_align=\u00a0\u00bbleft\u00a0\u00bb background_image_as_pattern=\u00a0\u00bbwithout_pattern\u00a0\u00bb z_index=\u00a0\u00bb\u00a0\u00bb css=\u00a0\u00bb.vc_custom_1633439707833{padding-top: 50px !important;padding-bottom: 50px !important;background-color: #ffffff !important;}\u00a0\u00bb el_id=\u00a0\u00bbsection-home-chi-siamo\u00a0\u00bb][vc_column el_class=\u00a0\u00bbwidth-100&Prime;][vc_column_text]<\/p>\n<div class=\"nome-prodotto\">\n<h4>Nous c\u2019est vous<\/h4>\n<p>Les vrais \u00ab pizzaiolo \u00bb que tout les jours recherchent la pizza parfaite.<br \/>\nCe plus motiver par les compliments d\u2019un client que le la paye, ce qui avec sacrifice, continue avec le sourire : m\u00eame le Dimanche !<\/p>\n<p>Ce qui avec leur exp\u00e9rience peuvent nous faire une juste proposition et contribuer a notre recherche.<\/p>\n<p><strong>VOUS QUI \u00caTES..NOUS \u00c0 NOTRE COT\u00c9 <\/strong><\/p>\n<p>&nbsp;<\/p>\n<p>Nous croyons en la valeur des synergies comme valeur ajout\u00e9e et nous collaborons avec les meilleurs pizzaiolos du march\u00e9. Notre personnel technique interne est toujours collaboratif et pr\u00e9dispos\u00e9 \u00e0 la recherche et \u00e0 l\u2019innovation continues. Ils sont dynamiques, flexibles et surtout \u00e0 l&rsquo;\u00e9coute des besoins des clients !<\/p>\n<\/div>\n<p>[\/vc_column_text][\/vc_column][\/vc_row][vc_row css_animation=\u00a0\u00bb\u00a0\u00bb row_type=\u00a0\u00bbrow\u00a0\u00bb use_row_as_full_screen_section=\u00a0\u00bbno\u00a0\u00bb type=\u00a0\u00bbfull_width\u00a0\u00bb angled_section=\u00a0\u00bbno\u00a0\u00bb text_align=\u00a0\u00bbleft\u00a0\u00bb background_image_as_pattern=\u00a0\u00bbwithout_pattern\u00a0\u00bb css=\u00a0\u00bb.vc_custom_1633441039047{padding-bottom: 30px !important;background-color: #ffffff !important;}\u00a0\u00bb z_index=\u00a0\u00bb\u00a0\u00bb][vc_column][vc_column_text]<\/p>\n<h3 style=\"text-align: center;\">Notre \u00e9quipe technique :<\/h3>\n<p>[\/vc_column_text][\/vc_column][\/vc_row][vc_row css_animation=\u00a0\u00bb\u00a0\u00bb row_type=\u00a0\u00bbrow\u00a0\u00bb use_row_as_full_screen_section=\u00a0\u00bbno\u00a0\u00bb type=\u00a0\u00bbfull_width\u00a0\u00bb angled_section=\u00a0\u00bbno\u00a0\u00bb text_align=\u00a0\u00bbcenter\u00a0\u00bb background_image_as_pattern=\u00a0\u00bbwithout_pattern\u00a0\u00bb z_index=\u00a0\u00bb\u00a0\u00bb css=\u00a0\u00bb.vc_custom_1633439124693{background-color: #ffffff !important;}\u00a0\u00bb][vc_column width=\u00a0\u00bb1\/5&Prime; css=\u00a0\u00bb.vc_custom_1633439149380{padding: 0px !important;}\u00a0\u00bb][vc_empty_space][vc_column_text]<\/p>\n<p style=\"text-align: center;\">CEO<\/p>\n<h4 style=\"text-align: center;\">Filippo Panini<\/h4>\n<p>[\/vc_column_text][vc_empty_space][vc_single_image image=\u00a0\u00bb1055&Prime; img_size=\u00a0\u00bbfull\u00a0\u00bb alignment=\u00a0\u00bbcenter\u00a0\u00bb qode_css_animation=\u00a0\u00bb\u00a0\u00bb][\/vc_column][vc_column width=\u00a0\u00bb1\/5&Prime; css=\u00a0\u00bb.vc_custom_1633439155226{padding: 0px !important;}\u00a0\u00bb][vc_empty_space][vc_column_text]<\/p>\n<p style=\"text-align: center;\">Gestionnaire de p\u00e2te<\/p>\n<h4 style=\"text-align: center;\"><strong>Christian De Rosa<\/strong><\/h4>\n<p>[\/vc_column_text][vc_empty_space][vc_single_image image=\u00a0\u00bb997&Prime; img_size=\u00a0\u00bbfull\u00a0\u00bb alignment=\u00a0\u00bbcenter\u00a0\u00bb qode_css_animation=\u00a0\u00bb\u00a0\u00bb][\/vc_column][vc_column width=\u00a0\u00bb1\/5&Prime; css=\u00a0\u00bb.vc_custom_1633439161019{padding: 0px !important;}\u00a0\u00bb][vc_empty_space][vc_column_text]<\/p>\n<p style=\"text-align: center;\">Directeur de production<\/p>\n<h4 style=\"text-align: center;\"><strong>Ledian Shiroka<\/strong><\/h4>\n<p>[\/vc_column_text][vc_empty_space][vc_single_image image=\u00a0\u00bb1000&Prime; img_size=\u00a0\u00bbfull\u00a0\u00bb alignment=\u00a0\u00bbcenter\u00a0\u00bb qode_css_animation=\u00a0\u00bb\u00a0\u00bb][\/vc_column][vc_column width=\u00a0\u00bb1\/5&Prime; css=\u00a0\u00bb.vc_custom_1633439166960{padding: 0px !important;}\u00a0\u00bb][vc_empty_space][vc_column_text]<\/p>\n<p style=\"text-align: center;\">Directeur d&rsquo;usine<\/p>\n<h4 style=\"text-align: center;\"><strong>Davide Baravelli<\/strong><\/h4>\n<p>[\/vc_column_text][vc_empty_space][vc_single_image image=\u00a0\u00bb998&Prime; img_size=\u00a0\u00bbfull\u00a0\u00bb alignment=\u00a0\u00bbcenter\u00a0\u00bb qode_css_animation=\u00a0\u00bb\u00a0\u00bb][\/vc_column][vc_column width=\u00a0\u00bb1\/5&Prime; css=\u00a0\u00bb.vc_custom_1633439172922{padding: 0px !important;}\u00a0\u00bb][vc_empty_space][vc_column_text]<\/p>\n<p style=\"text-align: center;\">Coordination<\/p>\n<h4 style=\"text-align: center;\"><strong>Giuliano Goretti<\/strong><\/h4>\n<p>[\/vc_column_text][vc_empty_space][vc_single_image image=\u00a0\u00bb999&Prime; img_size=\u00a0\u00bbfull\u00a0\u00bb alignment=\u00a0\u00bbcenter\u00a0\u00bb qode_css_animation=\u00a0\u00bb\u00a0\u00bb][\/vc_column][\/vc_row][vc_row css_animation=\u00a0\u00bb\u00a0\u00bb row_type=\u00a0\u00bbrow\u00a0\u00bb use_row_as_full_screen_section=\u00a0\u00bbno\u00a0\u00bb type=\u00a0\u00bbfull_width\u00a0\u00bb angled_section=\u00a0\u00bbno\u00a0\u00bb text_align=\u00a0\u00bbleft\u00a0\u00bb background_image_as_pattern=\u00a0\u00bbwithout_pattern\u00a0\u00bb css=\u00a0\u00bb.vc_custom_1636976237176{margin-top: 0px !important;margin-right: 0px !important;margin-bottom: 0px !important;margin-left: 0px !important;padding-top: 60px !important;padding-bottom: 60px !important;background-color: #ffb821 !important;}\u00a0\u00bb z_index=\u00a0\u00bb\u00a0\u00bb el_class=\u00a0\u00bbwidget-top-footer\u00a0\u00bb][vc_column][vc_column_text]<\/p>\n<h3 style=\"text-align: center; font-family: 'Krona One'; text-transform: uppercase;\">CHANGEZ VOTRE ID\u00c9E DE PIZZA<\/h3>\n<p>[\/vc_column_text][\/vc_column][\/vc_row]<\/p>\n","protected":false},"excerpt":{"rendered":"<p>[vc_row css_animation=\u00a0\u00bb\u00a0\u00bb row_type=\u00a0\u00bbrow\u00a0\u00bb use_row_as_full_screen_section=\u00a0\u00bbno\u00a0\u00bb type=\u00a0\u00bbfull_width\u00a0\u00bb angled_section=\u00a0\u00bbno\u00a0\u00bb text_align=\u00a0\u00bbleft\u00a0\u00bb background_image_as_pattern=\u00a0\u00bbwithout_pattern\u00a0\u00bb z_index=\u00a0\u00bb\u00a0\u00bb el_class=\u00a0\u00bbgalleria-animata\u00a0\u00bb][vc_column][vc_column_text][\/vc_column_text][vc_row_inner row_type=\u00a0\u00bbrow\u00a0\u00bb type=\u00a0\u00bbfull_width\u00a0\u00bb text_align=\u00a0\u00bbcenter\u00a0\u00bb css_animation=\u00a0\u00bb\u00a0\u00bb el_class=\u00a0\u00bbtitolo-chi-siamo\u00a0\u00bb][vc_column_inner][vc_column_text] Qui sommes-nous ? [\/vc_column_text][vc_column_text] Nous c\u2019est vous [\/vc_column_text][\/vc_column_inner][\/vc_row_inner][\/vc_column][\/vc_row][vc_row css_animation=\u00a0\u00bb\u00a0\u00bb row_type=\u00a0\u00bbrow\u00a0\u00bb use_row_as_full_screen_section=\u00a0\u00bbno\u00a0\u00bb type=\u00a0\u00bbgrid\u00a0\u00bb angled_section=\u00a0\u00bbno\u00a0\u00bb text_align=\u00a0\u00bbleft\u00a0\u00bb background_image_as_pattern=\u00a0\u00bbwithout_pattern\u00a0\u00bb z_index=\u00a0\u00bb\u00a0\u00bb css=\u00a0\u00bb.vc_custom_1633439707833{padding-top: 50px !important;padding-bottom: 50px !important;background-color: #ffffff !important;}\u00a0\u00bb el_id=\u00a0\u00bbsection-home-chi-siamo\u00a0\u00bb][vc_column el_class=\u00a0\u00bbwidth-100&Prime;][vc_column_text] Nous c\u2019est vous Les vrais&#8230;<\/p>\n","protected":false},"author":1,"featured_media":0,"parent":0,"menu_order":0,"comment_status":"closed","ping_status":"closed","template":"full_width.php","meta":{"footnotes":""},"class_list":["post-1508","page","type-page","status-publish","hentry"],"_links":{"self":[{"href":"https:\/\/www.pizzaleggera.it\/fr\/wp-json\/wp\/v2\/pages\/1508","targetHints":{"allow":["GET"]}}],"collection":[{"href":"https:\/\/www.pizzaleggera.it\/fr\/wp-json\/wp\/v2\/pages"}],"about":[{"href":"https:\/\/www.pizzaleggera.it\/fr\/wp-json\/wp\/v2\/types\/page"}],"author":[{"embeddable":true,"href":"https:\/\/www.pizzaleggera.it\/fr\/wp-json\/wp\/v2\/users\/1"}],"replies":[{"embeddable":true,"href":"https:\/\/www.pizzaleggera.it\/fr\/wp-json\/wp\/v2\/comments?post=1508"}],"version-history":[{"count":3,"href":"https:\/\/www.pizzaleggera.it\/fr\/wp-json\/wp\/v2\/pages\/1508\/revisions"}],"predecessor-version":[{"id":1512,"href":"https:\/\/www.pizzaleggera.it\/fr\/wp-json\/wp\/v2\/pages\/1508\/revisions\/1512"}],"wp:attachment":[{"href":"https:\/\/www.pizzaleggera.it\/fr\/wp-json\/wp\/v2\/media?parent=1508"}],"curies":[{"name":"wp","href":"https:\/\/api.w.org\/{rel}","templated":true}]}}